{"id":5769,"date":"2019-04-29T16:48:16","date_gmt":"2019-04-29T14:48:16","guid":{"rendered":"https:\/\/www.fdx.de\/en\/?page_id=5769"},"modified":"2025-01-24T09:35:14","modified_gmt":"2025-01-24T08:35:14","slug":"company","status":"publish","type":"page","link":"https:\/\/www.fdx.de\/en\/ueber-uns\/company\/","title":{"rendered":"Company"},"content":{"rendered":"<p>[vc_row][vc_column]<div class=\"to-spacer \" style=\"height:30px\"><\/div>[vc_column_text el_class=&#8221;blocksatz&#8221;]FDX Fluid Dynamix GmbH is located in Berlin and was founded in 2015. FDX has 15 employees from which most are highly qualified engineers. The company has developed a unique proprietary nozzles technology platform. Apart from its standard product portfolio it has built a database of 6,000 different nozzles, all verified with CFD. Additionally FDX has developed a OsciNet app. In order to guarantee quality OcsiNet is capable in measuring function, volume flow and pressure.<\/p>\n<p>Please get in touch! Let us get to know each other.<\/p>\n<p>[\/vc_column_text]<div class=\"to-spacer \" style=\"height:30px\"><\/div><h1 class=\"txt-left\" style=\"color:#00345a\">Values. <strong>Vision.<\/strong>\n<\/h1><div class=\"to-spacer \" style=\"height:30px\"><\/div>[vc_video link=&#8221;https:\/\/www.youtube.com\/watch?v=LOmzGYJopoA&amp;t=9s&#8221;]<div class=\"to-spacer \" style=\"height:50px\"><\/div>[\/vc_column][\/vc_row][vc_row to_para_bg=&#8221;image&#8221; to_para_img=&#8221;https:\/\/www.fdx.de\/wp-content\/uploads\/2014\/06\/Startseite_Fakten.jpg&#8221;][vc_column]<div class=\"to-spacer \" style=\"height:60px\"><\/div><h1 class=\"txt-left\" style=\"color:#ffffff\">Numbers. <strong>Facts.<\/strong>\n<\/h1><div class=\"to-spacer \" style=\"height:50px\"><\/div>[vc_row_inner el_id=&#8221;count-section&#8221;][vc_column_inner width=&#8221;1\/3&#8243;]<span class=\"to-counter-holder txt-center\" data-counter=\"9\" data-counter-speed=\"1290\"><span class=\"to-counter-number left\"><i class=\"eating-tea-cup\" ><\/i><span class=\"to-count-number\" style=\"color:#ffffff\">0<\/span><span class=\"to-counter-number-desc\">Years<\/span> <\/span> <\/span>[\/vc_column_inner][vc_column_inner width=&#8221;1\/3&#8243;]<span class=\"to-counter-holder txt-center\" data-counter=\"16\" data-counter-speed=\"1300\"><span class=\"to-counter-number left\"><i class=\"eating-tea-cup\" ><\/i><span class=\"to-count-number\" style=\"color:#ffffff\">0<\/span><span class=\"to-counter-number-desc\">Employees<\/span> <\/span> <\/span>[\/vc_column_inner][vc_column_inner width=&#8221;1\/3&#8243;]<span class=\"to-counter-holder txt-center\" data-counter=\"116199\" data-counter-speed=\"1300\"><span class=\"to-counter-number left\"><i class=\"eating-tea-cup\" ><\/i><span class=\"to-count-number\" style=\"color:#ffffff\">0<\/span><span class=\"to-counter-number-desc\">Sold OsciJet nozzles<\/span> <\/span> <\/span>[\/vc_column_inner][\/vc_row_inner]<div class=\"to-spacer \" style=\"height:100px\"><\/div>[\/vc_column][\/vc_row][vc_row][vc_column][vc_column_inner el_class=&#8221;count-row-2&#8243; width=&#8221;1\/3&#8243; txt_column_align=&#8221;txt-center&#8221; delay=&#8221;0ms&#8221;][\/vc_column_inner]<div class=\"to-spacer \" style=\"height:50px\"><\/div><h1 class=\"txt-left\" >History. <strong>Milestones.<\/strong>\n<\/h1><div class=\"to-spacer \" style=\"height:30px\"><\/div>[vc_column_text el_class=&#8221;blocksatz&#8221;]Even though we are a young company we are often asked about the history of the company. Therefore, we decided to show here our successes and milestones in the development of FDX.<br \/>\n[\/vc_column_text]<div class=\"to-spacer \" style=\"height:10px\"><\/div>[mvc_timeline_father title=&#8221;FDX&#8221; clr=&#8221;#00345a&#8221; bgclr=&#8221;#ffffff&#8221; size=&#8221;30&#8243;][mvc_timeline_son date=&#8221;March 2019&#8243; icon=&#8221;fa fa-bullhorn&#8221; bgclr=&#8221;#00345a&#8221; clr=&#8221;#929397&#8243; arrowclr=&#8221;#ffffff&#8221;]<strong class=\"timeline-header\">Stadiko<\/strong><\/p>\n<p style=\"hyphens: auto; text-align: justify;\">FDX cooperates with the company <a href=\"https:\/\/www.stadiko.de\/\">Stadiko<\/a>, which from now on distributes the HPX-CS Pro in the agricultural market in Germany.<\/p>\n<p><img loading=\"lazy\" decoding=\"async\" class=\"aligncenter size-full wp-image-4992\" src=\"https:\/\/www.fdx.de\/wp-content\/uploads\/2018\/07\/Stadiko_Logo_Homepage.png\" alt=\"\" width=\"172\" height=\"150\" \/><\/p>\n<p>[\/mvc_timeline_son][mvc_timeline_son date=&#8221;February 2019&#8243; icon=&#8221;fa fa-bullhorn&#8221; bgclr=&#8221;#00345a&#8221; clr=&#8221;#929397&#8243; arrowclr=&#8221;#ffffff&#8221;]<strong class=\"timeline-header\">STARTUP AUTOBAHN<\/strong><\/p>\n<p style=\"hyphens: auto; text-align: justify;\">Out of 500 startups FDX is selected to join the <a href=\"https:\/\/https:\/\/startup-autobahn.com\">STARTUP AUTOBAHN<\/a>.<\/p>\n<p><img loading=\"lazy\" decoding=\"async\" class=\"aligncenter size-medium wp-image-5785\" src=\"https:\/\/www.fdx.de\/wp-content\/uploads\/2019\/05\/STARTUP-AUTOBAHN_Logo-300x45.jpg\" alt=\"\" width=\"300\" height=\"45\" srcset=\"https:\/\/www.fdx.de\/wp-content\/uploads\/2019\/05\/STARTUP-AUTOBAHN_Logo-300x45.jpg 300w, https:\/\/www.fdx.de\/wp-content\/uploads\/2019\/05\/STARTUP-AUTOBAHN_Logo-768x114.jpg 768w, https:\/\/www.fdx.de\/wp-content\/uploads\/2019\/05\/STARTUP-AUTOBAHN_Logo-1024x152.jpg 1024w, https:\/\/www.fdx.de\/wp-content\/uploads\/2019\/05\/STARTUP-AUTOBAHN_Logo-500x74.jpg 500w, https:\/\/www.fdx.de\/wp-content\/uploads\/2019\/05\/STARTUP-AUTOBAHN_Logo.jpg 1200w\" sizes=\"auto, (max-width: 300px) 100vw, 300px\" \/><\/p>\n<p>[\/mvc_timeline_son][mvc_timeline_son date=&#8221;January 2019&#8243; icon=&#8221;fa fa-bullhorn&#8221; bgclr=&#8221;#00345a&#8221; clr=&#8221;#929397&#8243; arrowclr=&#8221;#ffffff&#8221;]<strong class=\"timeline-header\">Gardena ecoPulse<\/strong><\/p>\n<p style=\"hyphens: auto; text-align: justify;\">FDX cooperates with the company Gradena and supports the development of the <a style=\"mso-line-height-rule: exactly; -ms-text-size-adjust: 100%; -webkit-text-size-adjust: 100%; color: #aa2b40; font-weight: normal; text-decoration: underline;\" href=\"https:\/\/www.gardena.com\/uk\/products\/watering\/garden-sprayer\/comfort-cleaning-nozzle-ecopulse\/967909201\/\" target=\"_blank\" rel=\"noopener noreferrer\">Comfort Cleaning Nozzle ecoPulse\u2122<\/a><\/p>\n<p><img loading=\"lazy\" decoding=\"async\" class=\"aligncenter size-medium wp-image-5172\" src=\"https:\/\/www.fdx.de\/wp-content\/uploads\/2019\/03\/Einklinker_Gardena-300x126.jpg\" alt=\"\" width=\"300\" height=\"126\" srcset=\"https:\/\/www.fdx.de\/wp-content\/uploads\/2019\/03\/Einklinker_Gardena-300x126.jpg 300w, https:\/\/www.fdx.de\/wp-content\/uploads\/2019\/03\/Einklinker_Gardena-768x322.jpg 768w, https:\/\/www.fdx.de\/wp-content\/uploads\/2019\/03\/Einklinker_Gardena-500x209.jpg 500w, https:\/\/www.fdx.de\/wp-content\/uploads\/2019\/03\/Einklinker_Gardena.jpg 800w\" sizes=\"auto, (max-width: 300px) 100vw, 300px\" \/><\/p>\n<p>[\/mvc_timeline_son][mvc_timeline_son date=&#8221;August 2018&#8243; icon=&#8221;fa fa-bullhorn&#8221; bgclr=&#8221;#00345a&#8221; clr=&#8221;#929397&#8243; arrowclr=&#8221;#ffffff&#8221;]<strong class=\"timeline-header\">HPX-CS Pro<\/strong><\/p>\n<p style=\"hyphens: auto; text-align: justify;\">FDX releases with the <a href=\"https:\/\/www.fdx.de\/en\/produkte\/oscijet\/oscijet-hpx-cs-pro\/\">OsciJet HPX-CS Pro<\/a> the second series product. The HPX-CS Pro is specially designed for professional high pressure washers.<\/p>\n<p><img loading=\"lazy\" decoding=\"async\" class=\"aligncenter size-medium wp-image-5230\" src=\"https:\/\/www.fdx.de\/wp-content\/uploads\/2019\/03\/OsciJet_HPX_CS_Pro_Single-300x231.jpg\" alt=\"\" width=\"300\" height=\"231\" srcset=\"https:\/\/www.fdx.de\/wp-content\/uploads\/2019\/03\/OsciJet_HPX_CS_Pro_Single-300x231.jpg 300w, https:\/\/www.fdx.de\/wp-content\/uploads\/2019\/03\/OsciJet_HPX_CS_Pro_Single-768x592.jpg 768w, https:\/\/www.fdx.de\/wp-content\/uploads\/2019\/03\/OsciJet_HPX_CS_Pro_Single-500x386.jpg 500w, https:\/\/www.fdx.de\/wp-content\/uploads\/2019\/03\/OsciJet_HPX_CS_Pro_Single.jpg 800w\" sizes=\"auto, (max-width: 300px) 100vw, 300px\" \/><\/p>\n<p>[\/mvc_timeline_son][mvc_timeline_son date=&#8221;April 2017&#8243; icon=&#8221;fa fa-check&#8221; bgclr=&#8221;#00345a&#8221; clr=&#8221;#929397&#8243; arrowclr=&#8221;#ffffff&#8221;]<strong class=\"timeline-header\">Investment<\/strong><\/p>\n<p style=\"hyphens: auto; text-align: justify;\">FDX raises an investment of 1 mio \u20ac from two strategic investors. One of them is the <a href=\"https:\/\/www.cnb.capital\/de\/home\">Constantia New Business<\/a> from Austria. The second one prefers to stay undisclosed.<\/p>\n<p>[\/mvc_timeline_son][mvc_timeline_son date=&#8221;February 2017&#8243; icon=&#8221;fa fa-check&#8221; bgclr=&#8221;#00345a&#8221; clr=&#8221;#929397&#8243; arrowclr=&#8221;#ffffff&#8221;]<strong class=\"timeline-header\">HPX-MS<\/strong><\/p>\n<p style=\"hyphens: auto; text-align: justify;\">FDX releases the first series product. The <a href=\"https:\/\/www.fdx.de\/en\/produkte\/oscijet\/oscijet-hpx-ms\/\">HPX-MS<\/a> is designed for fuel injection of liquid fuel for gas turbine applications.<\/p>\n<p><img loading=\"lazy\" decoding=\"async\" class=\"aligncenter size-thumbnail wp-image-4578\" src=\"https:\/\/www.fdx.de\/wp-content\/uploads\/2016\/03\/HPX-MS_Homepage-150x150.png\" alt=\"\" width=\"150\" height=\"150\" srcset=\"https:\/\/www.fdx.de\/wp-content\/uploads\/2016\/03\/HPX-MS_Homepage-150x150.png 150w, https:\/\/www.fdx.de\/wp-content\/uploads\/2016\/03\/HPX-MS_Homepage-293x293.png 293w, https:\/\/www.fdx.de\/wp-content\/uploads\/2016\/03\/HPX-MS_Homepage-300x300.png 300w, https:\/\/www.fdx.de\/wp-content\/uploads\/2016\/03\/HPX-MS_Homepage-500x500.png 500w, https:\/\/www.fdx.de\/wp-content\/uploads\/2016\/03\/HPX-MS_Homepage.png 600w\" sizes=\"auto, (max-width: 150px) 100vw, 150px\" \/><\/p>\n<p>[\/mvc_timeline_son][mvc_timeline_son date=&#8221;January 2017&#8243; icon=&#8221;fa fa-check&#8221; bgclr=&#8221;#00345a&#8221; clr=&#8221;#929397&#8243; arrowclr=&#8221;#ffffff&#8221;]<strong class=\"timeline-header\">ISO 9001:2005<\/strong><\/p>\n<p style=\"hyphens: auto; text-align: justify;\">In order to ensure the quality of the production processes and to further improve those FDX implements a quality management system and certifies it after ISO 9001:2005.<\/p>\n<p><img loading=\"lazy\" decoding=\"async\" class=\"aligncenter size-thumbnail wp-image-4586\" src=\"https:\/\/www.fdx.de\/wp-content\/uploads\/2017\/04\/ISO_9001_farbe_single-150x150.png\" alt=\"\" width=\"150\" height=\"150\" srcset=\"https:\/\/www.fdx.de\/wp-content\/uploads\/2017\/04\/ISO_9001_farbe_single-150x150.png 150w, https:\/\/www.fdx.de\/wp-content\/uploads\/2017\/04\/ISO_9001_farbe_single-293x293.png 293w, https:\/\/www.fdx.de\/wp-content\/uploads\/2017\/04\/ISO_9001_farbe_single.png 298w\" sizes=\"auto, (max-width: 150px) 100vw, 150px\" \/><\/p>\n<p>[\/mvc_timeline_son][mvc_timeline_son date=&#8221;May 2016&#8243; icon=&#8221;fa fa-bullhorn&#8221; bgclr=&#8221;#00345a&#8221; clr=&#8221;#929397&#8243; arrowclr=&#8221;#ffffff&#8221;]<strong class=\"timeline-header\">Pioneers Challange 2016<\/strong><\/p>\n<p style=\"hyphens: auto; text-align: justify;\">FDX is selected among 500 companies worldwide as one of the 70 most promising startups (<a href=\"https:\/\/pioneers.io\/festival2016\/pioneers500\/#challenge\">Link<\/a>). Finally, FDX won the first place in the category <em>Energy and Utilities<\/em>.<\/p>\n<p><img loading=\"lazy\" decoding=\"async\" class=\"aligncenter size-medium wp-image-4346\" src=\"https:\/\/www.fdx.de\/wp-content\/uploads\/2016\/05\/Startup_911-300x157.jpg\" alt=\"\" width=\"300\" height=\"157\" srcset=\"https:\/\/www.fdx.de\/wp-content\/uploads\/2016\/05\/Startup_911-300x157.jpg 300w, https:\/\/www.fdx.de\/wp-content\/uploads\/2016\/05\/Startup_911-768x402.jpg 768w, https:\/\/www.fdx.de\/wp-content\/uploads\/2016\/05\/Startup_911-1024x536.jpg 1024w, https:\/\/www.fdx.de\/wp-content\/uploads\/2016\/05\/Startup_911-500x262.jpg 500w\" sizes=\"auto, (max-width: 300px) 100vw, 300px\" \/><\/p>\n<p>[\/mvc_timeline_son][mvc_timeline_son date=&#8221;April 2016&#8243; icon=&#8221;fa fa-bullhorn&#8221; bgclr=&#8221;#00345a&#8221; clr=&#8221;#929397&#8243; arrowclr=&#8221;#ffffff&#8221;]<\/p>\n<p><strong class=\"timeline-header\">Young Tech Enterprises Pitch Challenge 2016<\/strong><\/p>\n<p style=\"hyphens: auto; text-align: justify;\">FDX wins the <a href=\"https:\/\/www.hannovermesse.de\/de\/rahmenprogramm\/specials\/young-tech-enterprises\/\">Young Tech Enterprises Pitch Challenge Award<\/a>.<\/p>\n<p><img loading=\"lazy\" decoding=\"async\" class=\"aligncenter size-medium wp-image-5837\" src=\"https:\/\/www.fdx.de\/wp-content\/uploads\/2019\/05\/Bild2-300x167.jpg\" alt=\"\" width=\"300\" height=\"167\" srcset=\"https:\/\/www.fdx.de\/wp-content\/uploads\/2019\/05\/Bild2-300x167.jpg 300w, https:\/\/www.fdx.de\/wp-content\/uploads\/2019\/05\/Bild2-500x279.jpg 500w, https:\/\/www.fdx.de\/wp-content\/uploads\/2019\/05\/Bild2.jpg 651w\" sizes=\"auto, (max-width: 300px) 100vw, 300px\" \/><\/p>\n<p>[\/mvc_timeline_son][mvc_timeline_son date=&#8221;October 2015&#8243; icon=&#8221;fa fa-bookmark-o&#8221; bgclr=&#8221;#00345a&#8221; clr=&#8221;#929397&#8243; arrowclr=&#8221;#ffffff&#8221;]<strong class=\"timeline-header\">BMW Startup Garage<\/strong><\/p>\n<p style=\"hyphens: auto; text-align: justify;\">FDX is selected to participate in the BMW Startup Garage.<\/p>\n<p><img loading=\"lazy\" decoding=\"async\" class=\"aligncenter size-full wp-image-5681\" src=\"https:\/\/www.fdx.de\/wp-content\/uploads\/2019\/04\/logo_compr.png\" alt=\"\" width=\"172\" height=\"63\" \/><\/p>\n<p>[\/mvc_timeline_son][mvc_timeline_son date=&#8221;September 2015&#8243; icon=&#8221;fa fa-bookmark-o&#8221; bgclr=&#8221;#00345a&#8221; clr=&#8221;#929397&#8243; arrowclr=&#8221;#ffffff&#8221;]<\/p>\n<p><strong class=\"timeline-header\">TechFounders<\/strong><\/p>\n<p style=\"hyphens: auto; text-align: justify;\">In September 2015 FDX was selected as part of the second batch of the startup accelerator <a href=\"http:\/\/www.techfounders.com\/\">TechFounders<\/a> among 280 applications. TechFounders is a three month program including coaching and mentoring and is part of the <a href=\"https:\/\/www.unternehmertum.de\/\">UnternehmerTUM <\/a> in Munich.<\/p>\n<p><img loading=\"lazy\" decoding=\"async\" class=\"aligncenter size-medium wp-image-5836\" src=\"https:\/\/www.fdx.de\/wp-content\/uploads\/2019\/05\/TechFounders_tagline_color-300x127.png\" alt=\"\" width=\"300\" height=\"127\" srcset=\"https:\/\/www.fdx.de\/wp-content\/uploads\/2019\/05\/TechFounders_tagline_color-300x127.png 300w, https:\/\/www.fdx.de\/wp-content\/uploads\/2019\/05\/TechFounders_tagline_color-500x212.png 500w, https:\/\/www.fdx.de\/wp-content\/uploads\/2019\/05\/TechFounders_tagline_color.png 504w\" sizes=\"auto, (max-width: 300px) 100vw, 300px\" \/><br \/>\n[\/mvc_timeline_son][mvc_timeline_son date=&#8221;August 2015&#8243; icon=&#8221;fa fa-bullhorn&#8221; bgclr=&#8221;#00345a&#8221; clr=&#8221;#929397&#8243; arrowclr=&#8221;#ffffff&#8221;]<strong class=\"timeline-header\">Startup+ Label<\/strong><\/p>\n<p style=\"hyphens: auto; text-align: justify;\">In August 2015 FDX got the Startup+ Label of the TU Berlin (<a href=\"https:\/\/www.entrepreneurship.tu-berlin.de\/menue\/willkommen\/\">Link<\/a>). This award included a professional photo shoot, a interim management, and an extensive management coaching. The latter one was held by Dr. Katrin Glatzel and Dr. Tania Lieckweg from the <a href=\"http:\/\/www.osb-i.de\/\">osb Berlin GmbH<\/a>.<\/p>\n<p><img loading=\"lazy\" decoding=\"async\" class=\"aligncenter size-full wp-image-4325\" src=\"https:\/\/www.fdx.de\/wp-content\/uploads\/2016\/04\/Auszeichnung_TUStartUp.jpg\" alt=\"\" width=\"150\" height=\"150\" \/><\/p>\n<p>[\/mvc_timeline_son][mvc_timeline_son date=&#8221;July 2015&#8243; icon=&#8221;fa fa-bullhorn&#8221; bgclr=&#8221;#00345a&#8221; clr=&#8221;#929397&#8243; arrowclr=&#8221;#ffffff&#8221;]<strong class=\"timeline-header\">1. Place BPW 2015<\/strong><\/p>\n<p style=\"hyphens: auto; text-align: justify;\">In 2015 FDX wins the first place among 144 competitors in the prestigious business plan competition <em>Businessplan-Wettbewerb Berlin-Brandenburg f\u00fcr Unternehmensgr\u00fcnderinnen und -gr\u00fcnder<\/em> (<a href=\"https:\/\/www.b-p-w.de\/\">BPW<\/a>) The competition is the biggest of its kind in Germany.<\/p>\n<p><img loading=\"lazy\" decoding=\"async\" class=\"aligncenter size-full wp-image-4162\" src=\"https:\/\/www.fdx.de\/wp-content\/uploads\/2016\/03\/bpw_logo.png\" alt=\"BPW logo\" width=\"255\" height=\"52\" \/><\/p>\n<p>[\/mvc_timeline_son][mvc_timeline_son date=&#8221;May 2015&#8243; icon=&#8221;fa fa-anchor&#8221; bgclr=&#8221;#00345a&#8221; clr=&#8221;#929397&#8243; arrowclr=&#8221;#ffffff&#8221;]<strong class=\"timeline-header\">Foundation FDX Fluid Dynamix GmbH<\/strong><\/p>\n<p style=\"hyphens: auto; text-align: justify;\">In May 2015 the three founders Bernhard Bobusch, Oliver Kr\u00fcger, and Jens Wintering decide to found FDX.<\/p>\n<p><img loading=\"lazy\" decoding=\"async\" class=\"aligncenter size-full wp-image-4179\" src=\"https:\/\/www.fdx.de\/wp-content\/uploads\/2016\/04\/FDX-Logo_157x100px.png\" alt=\"FDX Logo\" width=\"157\" height=\"100\" \/><\/p>\n<p>[\/mvc_timeline_son][mvc_timeline_son date=&#8221;January 2015&#8243; icon=&#8221;fa fa-check&#8221; bgclr=&#8221;#00345a&#8221; clr=&#8221;#929397&#8243; arrowclr=&#8221;#ffffff&#8221;]<strong class=\"timeline-header\">EXIST-Forschungstransfer<\/strong><\/p>\n<p style=\"hyphens: auto; text-align: justify;\">In January 2015 the prestigious <a href=\"https:\/\/www.exist.de\/DE\/Programm\/Exist-Forschungstransfer\/inhalt.html\">EXIST-Forschungstransfer<\/a> fund is granted to the founders, which allowed the founders to establish the research project <em>Fluid Dynami-X<\/em> at the TU Berlin. The project was funded with about 860,000 \u20ac for 2 years.<\/p>\n<p><img loading=\"lazy\" decoding=\"async\" class=\"aligncenter size-full wp-image-4309\" src=\"https:\/\/www.fdx.de\/wp-content\/uploads\/2014\/06\/Logos_EXIST.jpg\" alt=\"\" width=\"172\" height=\"150\" \/><\/p>\n<p>[\/mvc_timeline_son][\/mvc_timeline_father][\/vc_column][\/vc_row][vc_row css=&#8221;.vc_custom_1556546197460{background-color: #f8f8f8 !important;}&#8221;][vc_column]<div class=\"to-spacer \" style=\"height:50px\"><\/div><h1 class=\"txt-left\" >Updates. <strong>Newsletter.<\/strong>\n<\/h1><div class=\"to-spacer \" style=\"height:30px\"><\/div>[vc_column_text]Stay updated on the latest &#8211; subscribe to our newsletter<br \/>\n<script>(function() {\n\twindow.mc4wp = window.mc4wp || {\n\t\tlisteners: [],\n\t\tforms: {\n\t\t\ton: function(evt, cb) {\n\t\t\t\twindow.mc4wp.listeners.push(\n\t\t\t\t\t{\n\t\t\t\t\t\tevent   : evt,\n\t\t\t\t\t\tcallback: cb\n\t\t\t\t\t}\n\t\t\t\t);\n\t\t\t}\n\t\t}\n\t}\n})();\n<\/script><!-- Mailchimp for WordPress v4.12.2 - https:\/\/wordpress.org\/plugins\/mailchimp-for-wp\/ --><form id=\"mc4wp-form-1\" class=\"mc4wp-form mc4wp-form-5128\" method=\"post\" data-id=\"5128\" data-name=\"Newsletter\" ><div class=\"mc4wp-form-fields\">\r\n\r\n<table style=\"border-style:hidden;\">\r\n<tr style=\"border-style:hidden;\">\r\n    <td style=\"border-style:hidden;\"><input type=\"text\" name=\"FNAME\" placeholder=\"First Name\"><\/td>\r\n    <td style=\"border-style:hidden;\"><input type=\"text\" name=\"LNAME\" placeholder=\"Last Name\"><\/td>\r\n<\/tr>\r\n<tr style=\"border-style:hidden;\">\r\n    <td colspan=\"2\" style=\"border-style:hidden;\"><input type=\"email\" name=\"EMAIL\" placeholder=\"Your email address\" required \/><\/td>\r\n<\/tr>\r\n<\/table>\r\n\r\n<p>\r\n    <label>\r\n        <input name=\"AGREE_TO_TERMS\" type=\"checkbox\" value=\"1\" required=\"\"> <a href=\"http:\/\/www.fdx.de\/datenschutz\/\" target=\"_blank\">I have read and agree to the terms &amp; conditions.<\/a>\r\n    <\/label>\r\n<\/p>\r\n<p>\r\n\t<input type=\"submit\" value=\"Sign up\" \/>\r\n<\/p>\r\n<\/div><label style=\"display: none !important;\">Leave this field empty if you're human: <input type=\"text\" name=\"_mc4wp_honeypot\" value=\"\" tabindex=\"-1\" autocomplete=\"off\" \/><\/label><input type=\"hidden\" name=\"_mc4wp_timestamp\" value=\"1777500763\" \/><input type=\"hidden\" name=\"_mc4wp_form_id\" value=\"5128\" \/><input type=\"hidden\" name=\"_mc4wp_form_element_id\" value=\"mc4wp-form-1\" \/><div class=\"mc4wp-response\"><\/div><\/form><!-- \/ Mailchimp for WordPress Plugin --><\/p>\n<p>[\/vc_column_text]<div class=\"to-spacer \" style=\"height:30px\"><\/div>[\/vc_column][\/vc_row]<\/p>\n","protected":false},"excerpt":{"rendered":"<p>[vc_row][vc_column][vc_column_text el_class=&#8221;blocksatz&#8221;]FDX Fluid Dynamix GmbH is located in Berlin and was founded in 2015. FDX has 15 employees from which most are highly qualified engineers. The company has developed a unique proprietary nozzles technology platform. Apart from its standard product portfolio it has built a database of 6,000 different nozzles, all verified with CFD. Additionally FDX has developed a OsciNet app. In order to guarantee quality OcsiNet is capable in measuring function, volume flow and<\/p>\n","protected":false},"author":844,"featured_media":0,"parent":4371,"menu_order":0,"comment_status":"closed","ping_status":"closed","template":"","meta":{"footnotes":""},"class_list":["post-5769","page","type-page","status-publish","hentry"],"_links":{"self":[{"href":"https:\/\/www.fdx.de\/en\/wp-json\/wp\/v2\/pages\/5769","targetHints":{"allow":["GET"]}}],"collection":[{"href":"https:\/\/www.fdx.de\/en\/wp-json\/wp\/v2\/pages"}],"about":[{"href":"https:\/\/www.fdx.de\/en\/wp-json\/wp\/v2\/types\/page"}],"author":[{"embeddable":true,"href":"https:\/\/www.fdx.de\/en\/wp-json\/wp\/v2\/users\/844"}],"replies":[{"embeddable":true,"href":"https:\/\/www.fdx.de\/en\/wp-json\/wp\/v2\/comments?post=5769"}],"version-history":[{"count":10,"href":"https:\/\/www.fdx.de\/en\/wp-json\/wp\/v2\/pages\/5769\/revisions"}],"predecessor-version":[{"id":9225,"href":"https:\/\/www.fdx.de\/en\/wp-json\/wp\/v2\/pages\/5769\/revisions\/9225"}],"up":[{"embeddable":true,"href":"https:\/\/www.fdx.de\/en\/wp-json\/wp\/v2\/pages\/4371"}],"wp:attachment":[{"href":"https:\/\/www.fdx.de\/en\/wp-json\/wp\/v2\/media?parent=5769"}],"curies":[{"name":"wp","href":"https:\/\/api.w.org\/{rel}","templated":true}]}}