{"id":4363,"date":"2016-02-23T18:35:44","date_gmt":"2016-02-23T17:35:44","guid":{"rendered":"http:\/\/www.fdx.de\/impressum\/?lang=en"},"modified":"2024-04-17T12:26:14","modified_gmt":"2024-04-17T10:26:14","slug":"impressum","status":"publish","type":"page","link":"https:\/\/www.fdx.de\/en\/impressum\/","title":{"rendered":"Impressum"},"content":{"rendered":"<p>[vc_row][vc_column]<div class=\"to-spacer \" style=\"height:50px\"><\/div><h1 class=\"txt-left\" ><\/h1>[\/vc_column][\/vc_row][vc_row][vc_column]<div class=\"to-spacer \" style=\"height:50px\"><\/div>[vc_column_text]Please note, that all legal information found on this site are direct translations for you convenience from the original (German) version. Please always refer to the German version:<\/p>\n<ul>\n<li><a href=\"http:\/\/www.fdx.de\/datenschutz\/\">Data protection<\/a><\/li>\n<li><a href=\"http:\/\/www.fdx.de\/impressum\/\">Legal information<\/a><\/li>\n<\/ul>\n<h4>Responsible for the contents according to the German laws (\u00a7 5 TMG):<\/h4>\n<p class=\"tw-data-text tw-text-large tw-ta\" data-placeholder=\"\u00dcbersetzung\" id=\"tw-target-text\" aria-label=\"\u00dcbersetzter Text\" data-ved=\"2ahUKEwjYtb65hMmFAxVcQ_EDHRIRC1kQ3ewLegQIDhAU\"><strong>Headquarters<br \/>\n<\/strong>FDX Fluid Dynamix GmbH<br \/>\nRohrdamm 88<br \/>\n13629 Berlin<\/p>\n<p><strong>Branch Buch<\/strong><br \/>\nFDX Fluid Dynamix GmbH<br \/>\nCampus Berlin-Buch<br \/>\nRobert-R\u00f6ssle-Stra\u00dfe 10<br \/>\nGeb\u00e4ude 80 (OWH), Raum 20<br \/>\n13125 Berlin<\/p>\n<p>&nbsp;<\/p>\n<h4>Management:<\/h4>\n<p>Dr.-Ing. Bernhard Bobusch<\/p>\n<p>Dr.-Ing. Oliver Kr\u00fcger<\/p>\n<p>Dr.-Ing. Jens Wintering<\/p>\n<p>Thomas Rossegger<\/p>\n<h4>Contact<\/h4>\n<p>T +49 (0) 30 54908170<\/p>\n<p>F +49 (0) 30 549081799<\/p>\n<p>E info@fdx.de<\/p>\n<h4>Commerical Register<\/h4>\n<p>Commerical Register: Amtsgericht Berlin Charlottenburg<\/p>\n<p>Register number: HRB 168427 B<\/p>\n<h4>VAT-ID<\/h4>\n<p>VAT-ID according to \u00a727 of the German Umsatzsteuergesetz:<\/p>\n<p>DE301226356<\/p>\n<h4>Responsible for the contents according to \u00a7 55 Abs. 2 RStV (German laws)<\/h4>\n<p>Oliver Kr\u00fcger, FDX Fluid Dynamix GmbH, Rohrdamm 88, 13629 Berlin<\/p>\n<h2>Disclaimer<\/h2>\n<h4><strong>Limitation of liability for internal content<\/strong><\/h4>\n<h4><strong>Limitation of liability for internal content<\/strong><\/h4>\n<p>The content of our website has been compiled with meticulous care and to the best of our knowledge. However, we cannot assume any liability for the up-to-dateness, completeness or accuracy of any of the pages.<\/p>\n<p>Pursuant to section 7, para. 1 of the TMG (Telemediengesetz \u2013 Tele Media Act by German law), we as service providers are liable for our own content on these pages in accordance with general laws. However, pursuant to sections 8 to 10 of the TMG, we as service providers are not under obligation to monitor external information provided or stored on our website. Once we have become aware of a specific infringement of the law, we will immediately remove the content in question. Any liability concerning this matter can only be assumed from the point in time at which the infringement becomes known to us.<\/p>\n<h4><strong>Limitation of liability for external links<\/strong><\/h4>\n<p>Our website contains links to the websites of third parties (\u201cexternal links\u201d). As the content of these websites is not under our control, we cannot assume any liability for such external content. In all cases, the provider of information of the linked websites is liable for the content and accuracy of the information provided. At the point in time when the links were placed, no infringements of the law were recognisable to us. As soon as an infringement of the law becomes known to us, we will immediately remove the link in question.<\/p>\n<h4><strong>Copyright<\/strong><\/h4>\n<p>The content and works published on this website are governed by the copyright laws of Germany. Any duplication, processing, distribution or any form of utilisation beyond the scope of copyright law shall require the prior written consent of the author or authors in question.<\/p>\n<h4><strong>Data protection<\/strong><\/h4>\n<p>Our data protection plan can be found under <a href=\"http:\/\/www.fdx.de\/datenschutz\/\">Data Privacy Protection<\/a><\/p>\n<p>Source: <a href=\"http:\/\/www.mustervorlage.net\/disclaimer-muster#Englisch\">Disclaimer on Mustervorlage.net<\/a>[\/vc_column_text][\/vc_column][\/vc_row]<\/p>\n","protected":false},"excerpt":{"rendered":"<p>[vc_row][vc_column][\/vc_column][\/vc_row][vc_row][vc_column][vc_column_text]Please note, that all legal information found on this site are direct translations for you convenience from the original (German) version. Please always refer to the German version: Data protection Legal information Responsible for the contents according to the German laws (\u00a7 5 TMG): Headquarters FDX Fluid Dynamix GmbH Rohrdamm 88 13629 Berlin Branch Buch FDX Fluid Dynamix GmbH Campus Berlin-Buch Robert-R\u00f6ssle-Stra\u00dfe 10 Geb\u00e4ude 80 (OWH), Raum 20 13125 Berlin &nbsp; Management: Dr.-Ing. Bernhard Bobusch<\/p>\n","protected":false},"author":843,"featured_media":0,"parent":0,"menu_order":0,"comment_status":"closed","ping_status":"closed","template":"","meta":{"footnotes":""},"class_list":["post-4363","page","type-page","status-publish","hentry"],"_links":{"self":[{"href":"https:\/\/www.fdx.de\/en\/wp-json\/wp\/v2\/pages\/4363","targetHints":{"allow":["GET"]}}],"collection":[{"href":"https:\/\/www.fdx.de\/en\/wp-json\/wp\/v2\/pages"}],"about":[{"href":"https:\/\/www.fdx.de\/en\/wp-json\/wp\/v2\/types\/page"}],"author":[{"embeddable":true,"href":"https:\/\/www.fdx.de\/en\/wp-json\/wp\/v2\/users\/843"}],"replies":[{"embeddable":true,"href":"https:\/\/www.fdx.de\/en\/wp-json\/wp\/v2\/comments?post=4363"}],"version-history":[{"count":7,"href":"https:\/\/www.fdx.de\/en\/wp-json\/wp\/v2\/pages\/4363\/revisions"}],"predecessor-version":[{"id":4557,"href":"https:\/\/www.fdx.de\/en\/wp-json\/wp\/v2\/pages\/4363\/revisions\/4557"}],"wp:attachment":[{"href":"https:\/\/www.fdx.de\/en\/wp-json\/wp\/v2\/media?parent=4363"}],"curies":[{"name":"wp","href":"https:\/\/api.w.org\/{rel}","templated":true}]}}